{"id":6506,"date":"2025-04-28T23:41:50","date_gmt":"2025-04-28T23:41:50","guid":{"rendered":"https:\/\/lovevolks.com\/en\/product\/trunk-in-the-front-party-in-the-back-unisex-classic-t-shirt\/"},"modified":"2026-04-16T14:57:37","modified_gmt":"2026-04-16T14:57:37","slug":"trunk-in-the-front-party-in-the-back-unisex-classic-t-shirt","status":"publish","type":"product","link":"https:\/\/lovevolks.com\/fr\/produit\/trunk-in-the-front-party-in-the-back-unisex-classic-t-shirt\/","title":{"rendered":"Trunk In The Front. Party In The Back. Unisex Classic T-shirt"},"content":{"rendered":"<p>Le t-shirt classique unisexe en 100% coton vous aidera \u00e0 adopter un look plus structur\u00e9. Il tombe parfaitement, conserve des lignes nettes sur les bords et se marie id\u00e9alement avec des tenues streetwear superpos\u00e9es. En plus, il est ultra tendance en ce moment ! <\/p>\n<p class=\"translation-block\">\u2022 100% coton<br>\n\u2022 Sport Grey : 90% coton, 10% polyester<br>\n\u2022 Ash Grey : 99% coton, 1% polyester<br>\n\u2022 Couleurs Heather : 50% coton, 50% polyester<br>\n\u2022 Poids du tissu : 5,0\u20135,3 oz\/yd\u00b2 (170-180 g\/m\u00b2)<br>\n\u2022 Fil open-end<br>\n\u2022 Tissu tubulaire<br>\n\u2022 Encolure et \u00e9paules renforc\u00e9es<br>\n\u2022 Double couture aux manches et \u00e0 l'ourlet<br>\n\u2022 Produit vierge import\u00e9 du Honduras, Nicaragua, Ha\u00efti, R\u00e9publique dominicaine, Bangladesh, Mexique<\/p>\n<p class=\"translation-block\">Disclaimers:&nbsp;<br>\r\n\u2022 Due to the fabric properties, the White color variant may appear off-white rather than bright white.<br>\r\n\u2022 Dark color speckles throughout the fabric are expected for the color Natural.<\/p>","protected":false},"excerpt":{"rendered":"<p>The 100% cotton unisex classic tee will help you land a more structured look. It sits nicely, maintains sharp lines around the edges, and goes perfectly with layered streetwear outfits. Plus, it&#8217;s extra trendy now! \u2022 100% cotton \u2022 Sport Grey is 90% cotton, 10% polyester \u2022 Ash Grey is 99% cotton, 1% polyester \u2022 [&hellip;]<\/p>","protected":false},"featured_media":6609,"comment_status":"open","ping_status":"closed","template":"","meta":[],"product_brand":[],"product_cat":[92,52,91],"product_tag":[],"class_list":{"0":"post-6506","1":"product","2":"type-product","3":"status-publish","4":"has-post-thumbnail","6":"product_cat-fastback-type3","7":"product_cat-t-shirts","8":"product_cat-type3","10":"first","11":"instock","12":"taxable","13":"shipping-taxable","14":"purchasable","15":"product-type-variable","16":"has-default-attributes"},"_links":{"self":[{"href":"https:\/\/lovevolks.com\/fr\/wp-json\/wp\/v2\/product\/6506","targetHints":{"allow":["GET"]}}],"collection":[{"href":"https:\/\/lovevolks.com\/fr\/wp-json\/wp\/v2\/product"}],"about":[{"href":"https:\/\/lovevolks.com\/fr\/wp-json\/wp\/v2\/types\/product"}],"replies":[{"embeddable":true,"href":"https:\/\/lovevolks.com\/fr\/wp-json\/wp\/v2\/comments?post=6506"}],"wp:featuredmedia":[{"embeddable":true,"href":"https:\/\/lovevolks.com\/fr\/wp-json\/wp\/v2\/media\/6609"}],"wp:attachment":[{"href":"https:\/\/lovevolks.com\/fr\/wp-json\/wp\/v2\/media?parent=6506"}],"wp:term":[{"taxonomy":"product_brand","embeddable":true,"href":"https:\/\/lovevolks.com\/fr\/wp-json\/wp\/v2\/product_brand?post=6506"},{"taxonomy":"product_cat","embeddable":true,"href":"https:\/\/lovevolks.com\/fr\/wp-json\/wp\/v2\/product_cat?post=6506"},{"taxonomy":"product_tag","embeddable":true,"href":"https:\/\/lovevolks.com\/fr\/wp-json\/wp\/v2\/product_tag?post=6506"}],"curies":[{"name":"wp","href":"https:\/\/api.w.org\/{rel}","templated":true}]}}