{"id":5201,"date":"2025-04-27T22:50:58","date_gmt":"2025-04-27T22:50:58","guid":{"rendered":"https:\/\/lovevolks.com\/en\/product\/own-412-confuse-everyone-unisex-classic-t-shirt\/"},"modified":"2026-04-16T14:57:23","modified_gmt":"2026-04-16T14:57:23","slug":"own-412-confuse-everyone-unisex-classic-t-shirt","status":"publish","type":"product","link":"https:\/\/lovevolks.com\/br\/produto\/own-412-confuse-everyone-unisex-classic-t-shirt\/","title":{"rendered":"Own 412. Confuse Everyone Unisex Classic T-shirt"},"content":{"rendered":"<p>A cl\u00e1ssica camiseta unissex 100% algod\u00e3o vai ajudar voc\u00ea a alcan\u00e7ar um visual mais estruturado. Ela cai perfeitamente, mant\u00e9m linhas definidas nas bordas e combina muito bem com looks streetwear em camadas. Al\u00e9m disso, est\u00e1 super em alta agora! <\/p>\n<p class=\"translation-block\">\u2022 100% algod\u00e3o\n\u2022 Sport Grey: 90% algod\u00e3o, 10% poli\u00e9ster\n\u2022 Ash Grey: 99% algod\u00e3o, 1% poli\u00e9ster\n\u2022 Cores Heather: 50% algod\u00e3o, 50% poli\u00e9ster\n\u2022 Gramatura do tecido: 5,0\u20135,3 oz\/yd\u00b2 (170-180 g\/m\u00b2)\n\u2022 Fio open-end\n\u2022 Tecido tubular\n\u2022 Gola e ombros refor\u00e7ados\n\u2022 Costura dupla nas mangas e barra\n\u2022 Produto em branco origin\u00e1rio de Honduras, Nicar\u00e1gua, Haiti, Rep\u00fablica Dominicana, Bangladesh, M\u00e9xico<\/p>\n<p class=\"translation-block\">Disclaimers:&nbsp;<br>\r\n\u2022 Due to the fabric properties, the White color variant may appear off-white rather than bright white.<br>\r\n\u2022 Dark color speckles throughout the fabric are expected for the color Natural.<\/p>","protected":false},"excerpt":{"rendered":"<p>The 100% cotton unisex classic tee will help you land a more structured look. It sits nicely, maintains sharp lines around the edges, and goes perfectly with layered streetwear outfits. Plus, it&#8217;s extra trendy now! \u2022 100% cotton \u2022 Sport Grey is 90% cotton, 10% polyester \u2022 Ash Grey is 99% cotton, 1% polyester \u2022 [&hellip;]<\/p>","protected":false},"featured_media":5299,"comment_status":"open","ping_status":"closed","template":"","meta":[],"product_brand":[],"product_cat":[95,52],"product_tag":[],"class_list":{"0":"post-5201","1":"product","2":"type-product","3":"status-publish","4":"has-post-thumbnail","6":"product_cat-95","7":"product_cat-t-shirts","9":"first","10":"instock","11":"taxable","12":"shipping-taxable","13":"purchasable","14":"product-type-variable"},"_links":{"self":[{"href":"https:\/\/lovevolks.com\/br\/wp-json\/wp\/v2\/product\/5201","targetHints":{"allow":["GET"]}}],"collection":[{"href":"https:\/\/lovevolks.com\/br\/wp-json\/wp\/v2\/product"}],"about":[{"href":"https:\/\/lovevolks.com\/br\/wp-json\/wp\/v2\/types\/product"}],"replies":[{"embeddable":true,"href":"https:\/\/lovevolks.com\/br\/wp-json\/wp\/v2\/comments?post=5201"}],"wp:featuredmedia":[{"embeddable":true,"href":"https:\/\/lovevolks.com\/br\/wp-json\/wp\/v2\/media\/5299"}],"wp:attachment":[{"href":"https:\/\/lovevolks.com\/br\/wp-json\/wp\/v2\/media?parent=5201"}],"wp:term":[{"taxonomy":"product_brand","embeddable":true,"href":"https:\/\/lovevolks.com\/br\/wp-json\/wp\/v2\/product_brand?post=5201"},{"taxonomy":"product_cat","embeddable":true,"href":"https:\/\/lovevolks.com\/br\/wp-json\/wp\/v2\/product_cat?post=5201"},{"taxonomy":"product_tag","embeddable":true,"href":"https:\/\/lovevolks.com\/br\/wp-json\/wp\/v2\/product_tag?post=5201"}],"curies":[{"name":"wp","href":"https:\/\/api.w.org\/{rel}","templated":true}]}}